{"id":82,"date":"2022-05-16T19:33:39","date_gmt":"2022-05-16T19:33:39","guid":{"rendered":"https:\/\/gisellebaleroreche.com\/?page_id=82"},"modified":"2022-07-12T17:02:44","modified_gmt":"2022-07-12T17:02:44","slug":"bio","status":"publish","type":"page","link":"https:\/\/gisellebaleroreche.com\/en\/bio\/","title":{"rendered":"Bio"},"content":{"rendered":"<div data-elementor-type=\"wp-page\" data-elementor-id=\"82\" class=\"elementor elementor-82\">\n\t\t\t\t\t\t<section class=\"elementor-section elementor-top-section elementor-element elementor-element-9ffac3d elementor-section-boxed elementor-section-height-default elementor-section-height-default elementor-invisible\" data-id=\"9ffac3d\" data-element_type=\"section\" data-settings=\"{&quot;animation&quot;:&quot;fadeIn&quot;}\">\n\t\t\t\t\t\t<div class=\"elementor-container elementor-column-gap-default\">\n\t\t\t\t\t<div class=\"elementor-column elementor-col-50 elementor-top-column elementor-element elementor-element-b177645\" data-id=\"b177645\" data-element_type=\"column\">\n\t\t\t<div class=\"elementor-widget-wrap elementor-element-populated\">\n\t\t\t\t\t\t<div class=\"elementor-element elementor-element-ac3ff77 elementor-widget elementor-widget-heading\" data-id=\"ac3ff77\" data-element_type=\"widget\" data-widget_type=\"heading.default\">\n\t\t\t\t<div class=\"elementor-widget-container\">\n\t\t\t<style>\/*! elementor - v3.19.0 - 29-01-2024 *\/\n.elementor-heading-title{padding:0;margin:0;line-height:1}.elementor-widget-heading .elementor-heading-title[class*=elementor-size-]>a{color:inherit;font-size:inherit;line-height:inherit}.elementor-widget-heading .elementor-heading-title.elementor-size-small{font-size:15px}.elementor-widget-heading .elementor-heading-title.elementor-size-medium{font-size:19px}.elementor-widget-heading .elementor-heading-title.elementor-size-large{font-size:29px}.elementor-widget-heading .elementor-heading-title.elementor-size-xl{font-size:39px}.elementor-widget-heading .elementor-heading-title.elementor-size-xxl{font-size:59px}<\/style><h2 class=\"elementor-heading-title elementor-size-default\">BIO<\/h2>\t\t<\/div>\n\t\t\t\t<\/div>\n\t\t\t\t<div class=\"elementor-element elementor-element-ccaa714 elementor-widget elementor-widget-text-editor\" data-id=\"ccaa714\" data-element_type=\"widget\" data-widget_type=\"text-editor.default\">\n\t\t\t\t<div class=\"elementor-widget-container\">\n\t\t\t<style>\/*! elementor - v3.19.0 - 29-01-2024 *\/\n.elementor-widget-text-editor.elementor-drop-cap-view-stacked .elementor-drop-cap{background-color:#69727d;color:#fff}.elementor-widget-text-editor.elementor-drop-cap-view-framed .elementor-drop-cap{color:#69727d;border:3px solid;background-color:transparent}.elementor-widget-text-editor:not(.elementor-drop-cap-view-default) .elementor-drop-cap{margin-top:8px}.elementor-widget-text-editor:not(.elementor-drop-cap-view-default) .elementor-drop-cap-letter{width:1em;height:1em}.elementor-widget-text-editor .elementor-drop-cap{float:left;text-align:center;line-height:1;font-size:50px}.elementor-widget-text-editor .elementor-drop-cap-letter{display:inline-block}<\/style>\t\t\t\t<p><span style=\"font-weight: 400;\">Born in Buenos Aires, Argentina, she works in the intersection of art, education and childhood. Educated  in Argentina, Italy and Brazil, she constantly learns from the master Mariano Zirgertz. Her work is inspired by the philosophy of Loris Malaguzzi, deepens the dialogue with childhood by returning to her own. Giselle also coordinates the Creative Reuse Center ReMida Buenos Aires, and together with Ezequiel Cohn she created the wonderful world of Qipi. She  lives and works in Buenos Aires, Argentina.<\/span><\/p>\t\t\t\t\t\t<\/div>\n\t\t\t\t<\/div>\n\t\t\t\t\t<\/div>\n\t\t<\/div>\n\t\t\t\t<div class=\"elementor-column elementor-col-50 elementor-top-column elementor-element elementor-element-9cd092d\" data-id=\"9cd092d\" data-element_type=\"column\">\n\t\t\t<div class=\"elementor-widget-wrap elementor-element-populated\">\n\t\t\t\t\t\t<div class=\"elementor-element elementor-element-ee948cd elementor-widget elementor-widget-image\" data-id=\"ee948cd\" data-element_type=\"widget\" data-widget_type=\"image.default\">\n\t\t\t\t<div class=\"elementor-widget-container\">\n\t\t\t<style>\/*! elementor - v3.19.0 - 29-01-2024 *\/\n.elementor-widget-image{text-align:center}.elementor-widget-image a{display:inline-block}.elementor-widget-image a img[src$=\".svg\"]{width:48px}.elementor-widget-image img{vertical-align:middle;display:inline-block}<\/style>\t\t\t\t\t\t\t\t\t\t<img fetchpriority=\"high\" decoding=\"async\" width=\"300\" height=\"300\" src=\"https:\/\/gisellebaleroreche.com\/wp-content\/uploads\/2022\/05\/foto-para-BIO-1-300x300.jpg\" class=\"attachment-medium size-medium wp-image-122\" alt=\"\" srcset=\"https:\/\/gisellebaleroreche.com\/wp-content\/uploads\/2022\/05\/foto-para-BIO-1-300x300.jpg 300w, https:\/\/gisellebaleroreche.com\/wp-content\/uploads\/2022\/05\/foto-para-BIO-1-150x150.jpg 150w, https:\/\/gisellebaleroreche.com\/wp-content\/uploads\/2022\/05\/foto-para-BIO-1.jpg 460w\" sizes=\"(max-width: 300px) 100vw, 300px\" \/>\t\t\t\t\t\t\t\t\t\t\t\t\t<\/div>\n\t\t\t\t<\/div>\n\t\t\t\t\t<\/div>\n\t\t<\/div>\n\t\t\t\t\t<\/div>\n\t\t<\/section>\n\t\t\t\t<\/div>","protected":false},"excerpt":{"rendered":"<p>BIO Naci\u00f3 en Buenos Aires, Argentina, trabaja en un tri\u00e1ngulo de pasi\u00f3n que incluye el arte, la educaci\u00f3n y las infancias. Vincula estas \u00e1reas con formaciones espec\u00edficas en Argentina, Italia y Brasil. Aprende permanentemente del maestro Mariano Zirgertz, se inspira en la filosof\u00eda de Loris Malaguzzi, profundiza en el di\u00e1logo con las Infancias volviendo a&hellip;&nbsp;<a href=\"https:\/\/gisellebaleroreche.com\/en\/bio\/\" rel=\"bookmark\">Read More &raquo;<span class=\"screen-reader-text\">Bio<\/span><\/a><\/p>","protected":false},"author":2,"featured_media":0,"parent":0,"menu_order":0,"comment_status":"closed","ping_status":"closed","template":"page-templates\/template-pagebuilder-full-width.php","meta":{"neve_meta_sidebar":"","neve_meta_container":"","neve_meta_enable_content_width":"off","neve_meta_content_width":100,"neve_meta_title_alignment":"","neve_meta_author_avatar":"","neve_post_elements_order":"","neve_meta_disable_header":"","neve_meta_disable_footer":"","neve_meta_disable_title":"","footnotes":""},"class_list":["post-82","page","type-page","status-publish","hentry"],"_links":{"self":[{"href":"https:\/\/gisellebaleroreche.com\/en\/wp-json\/wp\/v2\/pages\/82","targetHints":{"allow":["GET"]}}],"collection":[{"href":"https:\/\/gisellebaleroreche.com\/en\/wp-json\/wp\/v2\/pages"}],"about":[{"href":"https:\/\/gisellebaleroreche.com\/en\/wp-json\/wp\/v2\/types\/page"}],"author":[{"embeddable":true,"href":"https:\/\/gisellebaleroreche.com\/en\/wp-json\/wp\/v2\/users\/2"}],"replies":[{"embeddable":true,"href":"https:\/\/gisellebaleroreche.com\/en\/wp-json\/wp\/v2\/comments?post=82"}],"version-history":[{"count":25,"href":"https:\/\/gisellebaleroreche.com\/en\/wp-json\/wp\/v2\/pages\/82\/revisions"}],"predecessor-version":[{"id":579,"href":"https:\/\/gisellebaleroreche.com\/en\/wp-json\/wp\/v2\/pages\/82\/revisions\/579"}],"wp:attachment":[{"href":"https:\/\/gisellebaleroreche.com\/en\/wp-json\/wp\/v2\/media?parent=82"}],"curies":[{"name":"wp","href":"https:\/\/api.w.org\/{rel}","templated":true}]}}