{"id":178,"date":"2022-06-01T21:48:19","date_gmt":"2022-06-01T21:48:19","guid":{"rendered":"https:\/\/gisellebaleroreche.com\/?page_id=178"},"modified":"2023-09-22T19:18:56","modified_gmt":"2023-09-22T19:18:56","slug":"obra-2","status":"publish","type":"page","link":"https:\/\/gisellebaleroreche.com\/en\/obra-2\/","title":{"rendered":"Sobre la obra"},"content":{"rendered":"<div data-elementor-type=\"wp-page\" data-elementor-id=\"178\" class=\"elementor elementor-178\">\n\t\t\t\t\t\t<section class=\"elementor-section elementor-top-section elementor-element elementor-element-4e0ec82 elementor-section-boxed elementor-section-height-default elementor-section-height-default elementor-invisible\" data-id=\"4e0ec82\" data-element_type=\"section\" data-settings=\"{&quot;animation&quot;:&quot;fadeIn&quot;}\">\n\t\t\t\t\t\t<div class=\"elementor-container elementor-column-gap-default\">\n\t\t\t\t\t<div class=\"elementor-column elementor-col-100 elementor-top-column elementor-element elementor-element-1699ff4\" data-id=\"1699ff4\" data-element_type=\"column\">\n\t\t\t<div class=\"elementor-widget-wrap elementor-element-populated\">\n\t\t\t\t\t\t<div class=\"elementor-element elementor-element-0d3b464 elementor-widget elementor-widget-heading\" data-id=\"0d3b464\" data-element_type=\"widget\" data-widget_type=\"heading.default\">\n\t\t\t\t<div class=\"elementor-widget-container\">\n\t\t\t<style>\/*! elementor - v3.19.0 - 29-01-2024 *\/\n.elementor-heading-title{padding:0;margin:0;line-height:1}.elementor-widget-heading .elementor-heading-title[class*=elementor-size-]>a{color:inherit;font-size:inherit;line-height:inherit}.elementor-widget-heading .elementor-heading-title.elementor-size-small{font-size:15px}.elementor-widget-heading .elementor-heading-title.elementor-size-medium{font-size:19px}.elementor-widget-heading .elementor-heading-title.elementor-size-large{font-size:29px}.elementor-widget-heading .elementor-heading-title.elementor-size-xl{font-size:39px}.elementor-widget-heading .elementor-heading-title.elementor-size-xxl{font-size:59px}<\/style><h2 class=\"elementor-heading-title elementor-size-default\">ARTWORK<\/h2>\t\t<\/div>\n\t\t\t\t<\/div>\n\t\t\t\t<div class=\"elementor-element elementor-element-d2eb7be elementor-widget elementor-widget-text-editor\" data-id=\"d2eb7be\" data-element_type=\"widget\" data-widget_type=\"text-editor.default\">\n\t\t\t\t<div class=\"elementor-widget-container translation-block\">Giselle\u2019s oeuvre tries to rescue the value of Vitality (as movement, transformation and ties). The paintings continue to live in the encounter of materialities. It explores the relationships between oil and acrylic (water), elements that \"scientifically\" should not be mixed. But in these pieces of art they continue to operate and modify. She works with fluid painting on a very impulsive first advance, moving the canvas with the intention of direction that the fluids put into tension.<\/div>\n\t\t\t\t<\/div>\n\t\t\t\t\t<\/div>\n\t\t<\/div>\n\t\t\t\t\t<\/div>\n\t\t<\/section>\n\t\t\t\t<section class=\"elementor-section elementor-top-section elementor-element elementor-element-d35ecfb elementor-section-boxed elementor-section-height-default elementor-section-height-default elementor-invisible\" data-id=\"d35ecfb\" data-element_type=\"section\" data-settings=\"{&quot;animation&quot;:&quot;fadeIn&quot;}\">\n\t\t\t\t\t\t<div class=\"elementor-container elementor-column-gap-default\">\n\t\t\t\t\t<div class=\"elementor-column elementor-col-33 elementor-top-column elementor-element elementor-element-e970616\" data-id=\"e970616\" data-element_type=\"column\">\n\t\t\t<div class=\"elementor-widget-wrap elementor-element-populated\">\n\t\t\t\t\t\t<div class=\"elementor-element elementor-element-3273c69 elementor-widget elementor-widget-image\" data-id=\"3273c69\" data-element_type=\"widget\" data-widget_type=\"image.default\">\n\t\t\t\t<div class=\"elementor-widget-container\">\n\t\t\t<style>\/*! elementor - v3.19.0 - 29-01-2024 *\/\n.elementor-widget-image{text-align:center}.elementor-widget-image a{display:inline-block}.elementor-widget-image a img[src$=\".svg\"]{width:48px}.elementor-widget-image img{vertical-align:middle;display:inline-block}<\/style>\t\t\t\t\t\t\t\t\t\t<img fetchpriority=\"high\" decoding=\"async\" width=\"899\" height=\"899\" src=\"https:\/\/gisellebaleroreche.com\/wp-content\/uploads\/2022\/08\/WhatsApp-Image-2022-07-12-at-3.31.36-PM.jpeg\" class=\"attachment-large size-large wp-image-623\" alt=\"\" srcset=\"https:\/\/gisellebaleroreche.com\/wp-content\/uploads\/2022\/08\/WhatsApp-Image-2022-07-12-at-3.31.36-PM.jpeg 899w, https:\/\/gisellebaleroreche.com\/wp-content\/uploads\/2022\/08\/WhatsApp-Image-2022-07-12-at-3.31.36-PM-300x300.jpeg 300w, https:\/\/gisellebaleroreche.com\/wp-content\/uploads\/2022\/08\/WhatsApp-Image-2022-07-12-at-3.31.36-PM-150x150.jpeg 150w, https:\/\/gisellebaleroreche.com\/wp-content\/uploads\/2022\/08\/WhatsApp-Image-2022-07-12-at-3.31.36-PM-768x768.jpeg 768w, https:\/\/gisellebaleroreche.com\/wp-content\/uploads\/2022\/08\/WhatsApp-Image-2022-07-12-at-3.31.36-PM-12x12.jpeg 12w\" sizes=\"(max-width: 899px) 100vw, 899px\" \/>\t\t\t\t\t\t\t\t\t\t\t\t\t<\/div>\n\t\t\t\t<\/div>\n\t\t\t\t\t<\/div>\n\t\t<\/div>\n\t\t\t\t<div class=\"elementor-column elementor-col-33 elementor-top-column elementor-element elementor-element-b5efaf1\" data-id=\"b5efaf1\" data-element_type=\"column\">\n\t\t\t<div class=\"elementor-widget-wrap elementor-element-populated\">\n\t\t\t\t\t\t<div class=\"elementor-element elementor-element-038de21 elementor-widget elementor-widget-image\" data-id=\"038de21\" data-element_type=\"widget\" data-widget_type=\"image.default\">\n\t\t\t\t<div class=\"elementor-widget-container\">\n\t\t\t\t\t\t\t\t\t\t\t\t\t<img decoding=\"async\" width=\"1024\" height=\"1024\" src=\"https:\/\/gisellebaleroreche.com\/wp-content\/uploads\/2022\/08\/WhatsApp-Image-2022-07-12-at-3.29.20-PM-1024x1024.jpeg\" class=\"attachment-large size-large wp-image-625\" alt=\"\" srcset=\"https:\/\/gisellebaleroreche.com\/wp-content\/uploads\/2022\/08\/WhatsApp-Image-2022-07-12-at-3.29.20-PM-1024x1024.jpeg 1024w, https:\/\/gisellebaleroreche.com\/wp-content\/uploads\/2022\/08\/WhatsApp-Image-2022-07-12-at-3.29.20-PM-300x300.jpeg 300w, https:\/\/gisellebaleroreche.com\/wp-content\/uploads\/2022\/08\/WhatsApp-Image-2022-07-12-at-3.29.20-PM-150x150.jpeg 150w, https:\/\/gisellebaleroreche.com\/wp-content\/uploads\/2022\/08\/WhatsApp-Image-2022-07-12-at-3.29.20-PM-768x768.jpeg 768w, https:\/\/gisellebaleroreche.com\/wp-content\/uploads\/2022\/08\/WhatsApp-Image-2022-07-12-at-3.29.20-PM-12x12.jpeg 12w, https:\/\/gisellebaleroreche.com\/wp-content\/uploads\/2022\/08\/WhatsApp-Image-2022-07-12-at-3.29.20-PM.jpeg 1198w\" sizes=\"(max-width: 1024px) 100vw, 1024px\" \/>\t\t\t\t\t\t\t\t\t\t\t\t\t<\/div>\n\t\t\t\t<\/div>\n\t\t\t\t\t<\/div>\n\t\t<\/div>\n\t\t\t\t<div class=\"elementor-column elementor-col-33 elementor-top-column elementor-element elementor-element-0bce30a\" data-id=\"0bce30a\" data-element_type=\"column\">\n\t\t\t<div class=\"elementor-widget-wrap elementor-element-populated\">\n\t\t\t\t\t\t<div class=\"elementor-element elementor-element-d6bd72f elementor-widget elementor-widget-image\" data-id=\"d6bd72f\" data-element_type=\"widget\" data-widget_type=\"image.default\">\n\t\t\t\t<div class=\"elementor-widget-container\">\n\t\t\t\t\t\t\t\t\t\t\t\t\t<img decoding=\"async\" width=\"1024\" height=\"1024\" src=\"https:\/\/gisellebaleroreche.com\/wp-content\/uploads\/2022\/08\/WhatsApp-Image-2022-07-12-at-3.29.30-PM-1-1024x1024.jpeg\" class=\"attachment-large size-large wp-image-626\" alt=\"\" srcset=\"https:\/\/gisellebaleroreche.com\/wp-content\/uploads\/2022\/08\/WhatsApp-Image-2022-07-12-at-3.29.30-PM-1-1024x1024.jpeg 1024w, https:\/\/gisellebaleroreche.com\/wp-content\/uploads\/2022\/08\/WhatsApp-Image-2022-07-12-at-3.29.30-PM-1-300x300.jpeg 300w, https:\/\/gisellebaleroreche.com\/wp-content\/uploads\/2022\/08\/WhatsApp-Image-2022-07-12-at-3.29.30-PM-1-150x150.jpeg 150w, https:\/\/gisellebaleroreche.com\/wp-content\/uploads\/2022\/08\/WhatsApp-Image-2022-07-12-at-3.29.30-PM-1-768x768.jpeg 768w, https:\/\/gisellebaleroreche.com\/wp-content\/uploads\/2022\/08\/WhatsApp-Image-2022-07-12-at-3.29.30-PM-1-12x12.jpeg 12w, https:\/\/gisellebaleroreche.com\/wp-content\/uploads\/2022\/08\/WhatsApp-Image-2022-07-12-at-3.29.30-PM-1.jpeg 1198w\" sizes=\"(max-width: 1024px) 100vw, 1024px\" \/>\t\t\t\t\t\t\t\t\t\t\t\t\t<\/div>\n\t\t\t\t<\/div>\n\t\t\t\t\t<\/div>\n\t\t<\/div>\n\t\t\t\t\t<\/div>\n\t\t<\/section>\n\t\t\t\t<section class=\"elementor-section elementor-top-section elementor-element elementor-element-db6248e elementor-section-boxed elementor-section-height-default elementor-section-height-default elementor-invisible\" data-id=\"db6248e\" data-element_type=\"section\" data-settings=\"{&quot;animation&quot;:&quot;fadeIn&quot;}\">\n\t\t\t\t\t\t<div class=\"elementor-container elementor-column-gap-default\">\n\t\t\t\t\t<div class=\"elementor-column elementor-col-100 elementor-top-column elementor-element elementor-element-a561814\" data-id=\"a561814\" data-element_type=\"column\">\n\t\t\t<div class=\"elementor-widget-wrap elementor-element-populated\">\n\t\t\t\t\t\t<div class=\"elementor-element elementor-element-461ba51 elementor-widget elementor-widget-text-editor\" data-id=\"461ba51\" data-element_type=\"widget\" data-widget_type=\"text-editor.default\">\n\t\t\t\t<div class=\"elementor-widget-container\">\n\t\t\t\t\t\t\t<p>Creating interior universes that serve as a platform for subsequent interventions with different degrees of depth, in the macro, in the medium and the micro, the paintings offer us layers that serve as entrance and connection.<\/p>\t\t\t\t\t\t<\/div>\n\t\t\t\t<\/div>\n\t\t\t\t\t<\/div>\n\t\t<\/div>\n\t\t\t\t\t<\/div>\n\t\t<\/section>\n\t\t\t\t<section class=\"elementor-section elementor-top-section elementor-element elementor-element-8e101f8 elementor-section-boxed elementor-section-height-default elementor-section-height-default elementor-invisible\" data-id=\"8e101f8\" data-element_type=\"section\" data-settings=\"{&quot;animation&quot;:&quot;fadeIn&quot;}\">\n\t\t\t\t\t\t<div class=\"elementor-container elementor-column-gap-default\">\n\t\t\t\t\t<div class=\"elementor-column elementor-col-100 elementor-top-column elementor-element elementor-element-526ec98\" data-id=\"526ec98\" data-element_type=\"column\">\n\t\t\t<div class=\"elementor-widget-wrap elementor-element-populated\">\n\t\t\t\t\t\t<div class=\"elementor-element elementor-element-8f5b861 elementor-widget elementor-widget-heading\" data-id=\"8f5b861\" data-element_type=\"widget\" data-widget_type=\"heading.default\">\n\t\t\t\t<div class=\"elementor-widget-container\">\n\t\t\t<h2 class=\"elementor-heading-title elementor-size-default\">CURATION<\/h2>\t\t<\/div>\n\t\t\t\t<\/div>\n\t\t\t\t<div class=\"elementor-element elementor-element-1a1e2a6 elementor-widget elementor-widget-text-editor\" data-id=\"1a1e2a6\" data-element_type=\"widget\" data-widget_type=\"text-editor.default\">\n\t\t\t\t<div class=\"elementor-widget-container\">\n\t\t\t\t\t\t\t<p>Which shapes and colors inhabit our interior? How are we in that mutable inside, in a constant pulse of expansion and withdrawal? When was my expression of life born and how far does my manifestation extend into the world?<\/p>\n<p>The emotions, the memories, the stories that we tell from our history are the sources from which emanates our being in the world; they inspire our existential decisions and limit the possibilities of power. Like a tree, the more space we give to our roots, to our inner world, invisible, introspective, the higher and more leafy our branches will be, the expression of that inside in the outside. We are a reflection of that other shore that can only be grasped by metaphor and poetry.<\/p>\n<p>The works of Giselle Balero Reche bring to light moments of the vital pulse that runs through our internal rivers. There, where the force that inhabits us is boiling for being, where something new is born from synthesis, from fusion,  where the origin of the creative act manifests itself. From an ethereal mist that concentrates the infinite possibilities of being, the materials make their, the body becomes permeable to the experience of being, assuming the time passing and the awareness of constant flow.<\/p>\n<p>At every moment we recreate ourselves, to reinvent ourselves, a new cycle. We are the same nature that makes the stars dance, that opens the petals of a flower, that releases energy from the chaos-germ, nourishing the fruits and delivering the seeds. The senses are our shores that enter and exit from the limits of our skin. They vibrate, weaving  the inside and the outside.<\/p>\n<p>The encounter between worlds, states and shapes are part of the searches that these works invite us to do. Where does your gaze travel? Does it come closer to you, does it open up to the world? Perhaps they are part of the same horizon.<\/p>\t\t\t\t\t\t<\/div>\n\t\t\t\t<\/div>\n\t\t\t\t\t<\/div>\n\t\t<\/div>\n\t\t\t\t\t<\/div>\n\t\t<\/section>\n\t\t\t\t<section class=\"elementor-section elementor-top-section elementor-element elementor-element-5410460 elementor-section-boxed elementor-section-height-default elementor-section-height-default elementor-invisible\" data-id=\"5410460\" data-element_type=\"section\" data-settings=\"{&quot;animation&quot;:&quot;fadeIn&quot;}\">\n\t\t\t\t\t\t<div class=\"elementor-container elementor-column-gap-default\">\n\t\t\t\t\t<div class=\"elementor-column elementor-col-100 elementor-top-column elementor-element elementor-element-9c6f36a\" data-id=\"9c6f36a\" data-element_type=\"column\">\n\t\t\t<div class=\"elementor-widget-wrap elementor-element-populated\">\n\t\t\t\t\t\t<div class=\"elementor-element elementor-element-4085477 elementor-widget elementor-widget-heading\" data-id=\"4085477\" data-element_type=\"widget\" data-widget_type=\"heading.default\">\n\t\t\t\t<div class=\"elementor-widget-container\">\n\t\t\t<h2 class=\"elementor-heading-title elementor-size-default\">\u2014 ALEXANDRA ZALAZAR<\/h2>\t\t<\/div>\n\t\t\t\t<\/div>\n\t\t\t\t<div class=\"elementor-element elementor-element-a0ebaad elementor-widget elementor-widget-spacer\" data-id=\"a0ebaad\" data-element_type=\"widget\" data-widget_type=\"spacer.default\">\n\t\t\t\t<div class=\"elementor-widget-container\">\n\t\t\t<style>\/*! elementor - v3.19.0 - 29-01-2024 *\/\n.elementor-column .elementor-spacer-inner{height:var(--spacer-size)}.e-con{--container-widget-width:100%}.e-con-inner>.elementor-widget-spacer,.e-con>.elementor-widget-spacer{width:var(--container-widget-width,var(--spacer-size));--align-self:var(--container-widget-align-self,initial);--flex-shrink:0}.e-con-inner>.elementor-widget-spacer>.elementor-widget-container,.e-con>.elementor-widget-spacer>.elementor-widget-container{height:100%;width:100%}.e-con-inner>.elementor-widget-spacer>.elementor-widget-container>.elementor-spacer,.e-con>.elementor-widget-spacer>.elementor-widget-container>.elementor-spacer{height:100%}.e-con-inner>.elementor-widget-spacer>.elementor-widget-container>.elementor-spacer>.elementor-spacer-inner,.e-con>.elementor-widget-spacer>.elementor-widget-container>.elementor-spacer>.elementor-spacer-inner{height:var(--container-widget-height,var(--spacer-size))}.e-con-inner>.elementor-widget-spacer.elementor-widget-empty,.e-con>.elementor-widget-spacer.elementor-widget-empty{position:relative;min-height:22px;min-width:22px}.e-con-inner>.elementor-widget-spacer.elementor-widget-empty .elementor-widget-empty-icon,.e-con>.elementor-widget-spacer.elementor-widget-empty .elementor-widget-empty-icon{position:absolute;top:0;bottom:0;left:0;right:0;margin:auto;padding:0;width:22px;height:22px}<\/style>\t\t<div class=\"elementor-spacer\">\n\t\t\t<div class=\"elementor-spacer-inner\"><\/div>\n\t\t<\/div>\n\t\t\t\t<\/div>\n\t\t\t\t<\/div>\n\t\t\t\t\t<\/div>\n\t\t<\/div>\n\t\t\t\t\t<\/div>\n\t\t<\/section>\n\t\t\t\t<section class=\"elementor-section elementor-top-section elementor-element elementor-element-7c19b96 elementor-section-boxed elementor-section-height-default elementor-section-height-default elementor-invisible\" data-id=\"7c19b96\" data-element_type=\"section\" data-settings=\"{&quot;animation&quot;:&quot;fadeIn&quot;}\">\n\t\t\t\t\t\t<div class=\"elementor-container elementor-column-gap-default\">\n\t\t\t\t\t<div class=\"elementor-column elementor-col-100 elementor-top-column elementor-element elementor-element-fa86f99\" data-id=\"fa86f99\" data-element_type=\"column\">\n\t\t\t<div class=\"elementor-widget-wrap elementor-element-populated\">\n\t\t\t\t\t\t<div class=\"elementor-element elementor-element-8077ed6 elementor-invisible elementor-widget elementor-widget-video\" data-id=\"8077ed6\" data-element_type=\"widget\" data-settings=\"{&quot;video_type&quot;:&quot;hosted&quot;,&quot;autoplay&quot;:&quot;yes&quot;,&quot;loop&quot;:&quot;yes&quot;,&quot;_animation&quot;:&quot;fadeIn&quot;,&quot;controls&quot;:&quot;yes&quot;}\" data-widget_type=\"video.default\">\n\t\t\t\t<div class=\"elementor-widget-container\">\n\t\t\t<style>\/*! elementor - v3.19.0 - 29-01-2024 *\/\n.elementor-widget-video .elementor-widget-container{overflow:hidden;transform:translateZ(0)}.elementor-widget-video .elementor-wrapper{aspect-ratio:var(--video-aspect-ratio)}.elementor-widget-video .elementor-wrapper iframe,.elementor-widget-video .elementor-wrapper video{height:100%;width:100%;display:flex;border:none;background-color:#000}@supports not (aspect-ratio:1\/1){.elementor-widget-video .elementor-wrapper{position:relative;overflow:hidden;height:0;padding-bottom:calc(100% \/ var(--video-aspect-ratio))}.elementor-widget-video .elementor-wrapper iframe,.elementor-widget-video .elementor-wrapper video{position:absolute;top:0;right:0;bottom:0;left:0}}.elementor-widget-video .elementor-open-inline .elementor-custom-embed-image-overlay{position:absolute;top:0;right:0;bottom:0;left:0;background-size:cover;background-position:50%}.elementor-widget-video .elementor-custom-embed-image-overlay{cursor:pointer;text-align:center}.elementor-widget-video .elementor-custom-embed-image-overlay:hover .elementor-custom-embed-play i{opacity:1}.elementor-widget-video .elementor-custom-embed-image-overlay img{display:block;width:100%;aspect-ratio:var(--video-aspect-ratio);-o-object-fit:cover;object-fit:cover;-o-object-position:center center;object-position:center center}@supports not (aspect-ratio:1\/1){.elementor-widget-video .elementor-custom-embed-image-overlay{position:relative;overflow:hidden;height:0;padding-bottom:calc(100% \/ var(--video-aspect-ratio))}.elementor-widget-video .elementor-custom-embed-image-overlay img{position:absolute;top:0;right:0;bottom:0;left:0}}.elementor-widget-video .e-hosted-video .elementor-video{-o-object-fit:cover;object-fit:cover}.e-con-inner>.elementor-widget-video,.e-con>.elementor-widget-video{width:var(--container-widget-width);--flex-grow:var(--container-widget-flex-grow)}<\/style>\t\t<div class=\"e-hosted-video elementor-wrapper elementor-open-inline\">\n\t\t\t\t\t<video class=\"elementor-video\" src=\"https:\/\/gisellebaleroreche.com\/wp-content\/uploads\/2022\/08\/Giselle.mp4\" autoplay=\"\" loop=\"\" controls=\"\" controlslist=\"nodownload\"><\/video>\n\t\t\t\t<\/div>\n\t\t\t\t<\/div>\n\t\t\t\t<\/div>\n\t\t\t\t\t<\/div>\n\t\t<\/div>\n\t\t\t\t\t<\/div>\n\t\t<\/section>\n\t\t\t\t<section class=\"elementor-section elementor-top-section elementor-element elementor-element-f76b0d7 elementor-section-boxed elementor-section-height-default elementor-section-height-default\" data-id=\"f76b0d7\" data-element_type=\"section\">\n\t\t\t\t\t\t<div class=\"elementor-container elementor-column-gap-default\">\n\t\t\t\t\t<div class=\"elementor-column elementor-col-100 elementor-top-column elementor-element elementor-element-1998eb8\" data-id=\"1998eb8\" data-element_type=\"column\">\n\t\t\t<div class=\"elementor-widget-wrap elementor-element-populated\">\n\t\t\t\t\t\t<div class=\"elementor-element elementor-element-59d6f96 elementor-widget elementor-widget-spacer\" data-id=\"59d6f96\" data-element_type=\"widget\" data-widget_type=\"spacer.default\">\n\t\t\t\t<div class=\"elementor-widget-container\">\n\t\t\t\t\t<div class=\"elementor-spacer\">\n\t\t\t<div class=\"elementor-spacer-inner\"><\/div>\n\t\t<\/div>\n\t\t\t\t<\/div>\n\t\t\t\t<\/div>\n\t\t\t\t\t<\/div>\n\t\t<\/div>\n\t\t\t\t\t<\/div>\n\t\t<\/section>\n\t\t\t\t<\/div>","protected":false},"excerpt":{"rendered":"<p>SOBRE LA OBRA Intenta rescatar el valor de lo Vital (en tanto movimiento, transformaci\u00f3n y lazos).\u00a0Los cuadros contin\u00faan viviendo en el encuentro de las materialidades. Profundiza en las relaciones entre el \u00f3leo (aceite) y el acr\u00edlico (agua) elementos que \u201ccient\u00edficamente\u201d no deber\u00edan mezclarse. Pero que aqu\u00ed contin\u00faan operando y modificando.\u00a0Trabaja con pintura l\u00edquida sobre un&hellip;&nbsp;<a href=\"https:\/\/gisellebaleroreche.com\/en\/obra-2\/\" rel=\"bookmark\">Read More &raquo;<span class=\"screen-reader-text\">Sobre la obra<\/span><\/a><\/p>","protected":false},"author":2,"featured_media":0,"parent":0,"menu_order":0,"comment_status":"closed","ping_status":"closed","template":"page-templates\/template-pagebuilder-full-width.php","meta":{"neve_meta_sidebar":"","neve_meta_container":"","neve_meta_enable_content_width":"off","neve_meta_content_width":100,"neve_meta_title_alignment":"","neve_meta_author_avatar":"","neve_post_elements_order":"","neve_meta_disable_header":"","neve_meta_disable_footer":"","neve_meta_disable_title":"","footnotes":""},"class_list":["post-178","page","type-page","status-publish","hentry"],"_links":{"self":[{"href":"https:\/\/gisellebaleroreche.com\/en\/wp-json\/wp\/v2\/pages\/178","targetHints":{"allow":["GET"]}}],"collection":[{"href":"https:\/\/gisellebaleroreche.com\/en\/wp-json\/wp\/v2\/pages"}],"about":[{"href":"https:\/\/gisellebaleroreche.com\/en\/wp-json\/wp\/v2\/types\/page"}],"author":[{"embeddable":true,"href":"https:\/\/gisellebaleroreche.com\/en\/wp-json\/wp\/v2\/users\/2"}],"replies":[{"embeddable":true,"href":"https:\/\/gisellebaleroreche.com\/en\/wp-json\/wp\/v2\/comments?post=178"}],"version-history":[{"count":53,"href":"https:\/\/gisellebaleroreche.com\/en\/wp-json\/wp\/v2\/pages\/178\/revisions"}],"predecessor-version":[{"id":761,"href":"https:\/\/gisellebaleroreche.com\/en\/wp-json\/wp\/v2\/pages\/178\/revisions\/761"}],"wp:attachment":[{"href":"https:\/\/gisellebaleroreche.com\/en\/wp-json\/wp\/v2\/media?parent=178"}],"curies":[{"name":"wp","href":"https:\/\/api.w.org\/{rel}","templated":true}]}}